{"id":15819,"date":"2020-08-05T09:05:45","date_gmt":"2020-08-05T09:05:45","guid":{"rendered":"https:\/\/camposcorporacion.com\/proyectos\/"},"modified":"2023-03-07T11:13:27","modified_gmt":"2023-03-07T11:13:27","slug":"projects","status":"publish","type":"page","link":"https:\/\/camposcorporacion.com\/en\/portfolios\/projects\/","title":{"rendered":"Projects"},"content":{"rendered":"<div class=\"wpb-content-wrapper\"><p>[vc_row kd_background_image_position=&#8221;vc_row-bg-position-top&#8221; css=&#8221;.vc_custom_1652348089663{padding-top: 150px !important;padding-right: 10px !important;padding-left: 10px !important;}&#8221; css_tablet_landscape=&#8221;.vc_custom_1652348089663{padding-top: 100px !important;padding-right: 0px !important;padding-left: 0px !important;}&#8221; css_tablet_portrait=&#8221;.vc_custom_1652348089663{padding-top: 100px !important;padding-right: 0px !important;padding-left: 0px !important;}&#8221; css_mobile=&#8221;.vc_custom_1652348089664{padding-top: 100px !important;padding-right: 0px !important;padding-left: 0px !important;}&#8221;][vc_column css=&#8221;.vc_custom_1607020228901{padding-bottom: 90px !important;}&#8221; css_tablet_landscape=&#8221;.vc_custom_1607020228902{padding-bottom: 30px !important;}&#8221; css_tablet_portrait=&#8221;.vc_custom_1607020228903{padding-right: 0px !important;padding-bottom: 30px !important;padding-left: 0px !important;}&#8221; css_mobile=&#8221;.vc_custom_1607020228903{padding-right: 0px !important;padding-bottom: 30px !important;padding-left: 0px !important;}&#8221;]<header class=\"kd-section-title col-lg-12 text-center  subtitle-below-title   \" ><h1 class=\"separator_off\" >Our projects, our legacy<\/h1><h6 class=\"subtitle\" style=\"color: #7c7c7c;\">We have been making telecommunications, construction, air conditioning and energy projects a reality for 30 years.<\/h6><\/header>[\/vc_column][\/vc_row][vc_row kd_background_image_position=&#8221;vc_row-bg-position-top&#8221;][vc_column][vc_masonry_grid post_type=&#8221;portfolio&#8221; max_items=&#8221;-1&#8243; style=&#8221;load-more&#8221; show_filter=&#8221;yes&#8221; filter_style=&#8221;bordered&#8221; item=&#8221;none&#8221; btn_style=&#8221;custom&#8221; btn_custom_background=&#8221;#00aa8f&#8221; btn_custom_text=&#8221;#ffffff&#8221; initial_loading_animation=&#8221;fadeIn&#8221; grid_id=&#8221;vc_gid:1678187563946-ad2eca85-c536-2&#8243; filter_source=&#8221;portfolio-category&#8221;][\/vc_column][\/vc_row]<\/p>\n<\/div>","protected":false},"excerpt":{"rendered":"<p>[vc_row kd_background_image_position=&#8221;vc_row-bg-position-top&#8221; css=&#8221;.vc_custom_1652348089663{padding-top: 150px !important;padding-right: 10px !important;padding-left: 10px !important;}&#8221; css_tablet_landscape=&#8221;.vc_custom_1652348089663{padding-top: 100px !important;padding-right: 0px !important;padding-left: 0px !important;}&#8221; css_tablet_portrait=&#8221;.vc_custom_1652348089663{padding-top: 100px !important;padding-right: 0px [&hellip;]<\/p>\n","protected":false},"author":2,"featured_media":0,"parent":15967,"menu_order":0,"comment_status":"closed","ping_status":"closed","template":"","meta":{"footnotes":""},"class_list":["post-15819","page","type-page","status-publish","hentry"],"yoast_head":"<!-- This site is optimized with the Yoast SEO plugin v27.3 - https:\/\/yoast.com\/product\/yoast-seo-wordpress\/ -->\n<title>Nuestros proyectos de infraestructuras | Campos<\/title>\n<meta name=\"description\" content=\"Conoce nuestros proyectos de telecomunicaciones, construcci\u00f3n, climatizaci\u00f3n y energ\u00eda. En Campos trabajamos con todo tipo de empresas y negocios.\" \/>\n<meta name=\"robots\" content=\"index, follow, max-snippet:-1, max-image-preview:large, max-video-preview:-1\" \/>\n<link rel=\"canonical\" href=\"https:\/\/camposcorporacion.com\/en\/portfolios\/projects\/\" \/>\n<meta property=\"og:locale\" content=\"en_US\" \/>\n<meta property=\"og:type\" content=\"article\" \/>\n<meta property=\"og:title\" content=\"Nuestros proyectos de infraestructuras | Campos\" \/>\n<meta property=\"og:description\" content=\"Conoce nuestros proyectos de telecomunicaciones, construcci\u00f3n, climatizaci\u00f3n y energ\u00eda. En Campos trabajamos con todo tipo de empresas y negocios.\" \/>\n<meta property=\"og:url\" content=\"https:\/\/camposcorporacion.com\/en\/portfolios\/projects\/\" \/>\n<meta property=\"og:site_name\" content=\"Campos\" \/>\n<meta property=\"article:modified_time\" content=\"2023-03-07T11:13:27+00:00\" \/>\n<meta name=\"twitter:card\" content=\"summary_large_image\" \/>\n<meta name=\"twitter:label1\" content=\"Est. reading time\" \/>\n\t<meta name=\"twitter:data1\" content=\"1 minute\" \/>\n<script type=\"application\/ld+json\" class=\"yoast-schema-graph\">{\"@context\":\"https:\\\/\\\/schema.org\",\"@graph\":[{\"@type\":\"WebPage\",\"@id\":\"https:\\\/\\\/camposcorporacion.com\\\/en\\\/portfolios\\\/projects\\\/\",\"url\":\"https:\\\/\\\/camposcorporacion.com\\\/en\\\/portfolios\\\/projects\\\/\",\"name\":\"Nuestros proyectos de infraestructuras | Campos\",\"isPartOf\":{\"@id\":\"https:\\\/\\\/camposcorporacion.com\\\/#website\"},\"datePublished\":\"2020-08-05T09:05:45+00:00\",\"dateModified\":\"2023-03-07T11:13:27+00:00\",\"description\":\"Conoce nuestros proyectos de telecomunicaciones, construcci\u00f3n, climatizaci\u00f3n y energ\u00eda. En Campos trabajamos con todo tipo de empresas y negocios.\",\"breadcrumb\":{\"@id\":\"https:\\\/\\\/camposcorporacion.com\\\/en\\\/portfolios\\\/projects\\\/#breadcrumb\"},\"inLanguage\":\"en-US\",\"potentialAction\":[{\"@type\":\"ReadAction\",\"target\":[\"https:\\\/\\\/camposcorporacion.com\\\/en\\\/portfolios\\\/projects\\\/\"]}]},{\"@type\":\"BreadcrumbList\",\"@id\":\"https:\\\/\\\/camposcorporacion.com\\\/en\\\/portfolios\\\/projects\\\/#breadcrumb\",\"itemListElement\":[{\"@type\":\"ListItem\",\"position\":1,\"name\":\"Portfolios\",\"item\":\"https:\\\/\\\/camposcorporacion.com\\\/en\\\/portfolios\\\/\"},{\"@type\":\"ListItem\",\"position\":2,\"name\":\"Projects\"}]},{\"@type\":\"WebSite\",\"@id\":\"https:\\\/\\\/camposcorporacion.com\\\/#website\",\"url\":\"https:\\\/\\\/camposcorporacion.com\\\/\",\"name\":\"Campos\",\"description\":\"\",\"publisher\":{\"@id\":\"https:\\\/\\\/camposcorporacion.com\\\/#organization\"},\"potentialAction\":[{\"@type\":\"SearchAction\",\"target\":{\"@type\":\"EntryPoint\",\"urlTemplate\":\"https:\\\/\\\/camposcorporacion.com\\\/?s={search_term_string}\"},\"query-input\":{\"@type\":\"PropertyValueSpecification\",\"valueRequired\":true,\"valueName\":\"search_term_string\"}}],\"inLanguage\":\"en-US\"},{\"@type\":\"Organization\",\"@id\":\"https:\\\/\\\/camposcorporacion.com\\\/#organization\",\"name\":\"Campos Corporaci\u00f3n\",\"alternateName\":\"Campos\",\"url\":\"https:\\\/\\\/camposcorporacion.com\\\/\",\"logo\":{\"@type\":\"ImageObject\",\"inLanguage\":\"en-US\",\"@id\":\"https:\\\/\\\/camposcorporacion.com\\\/#\\\/schema\\\/logo\\\/image\\\/\",\"url\":\"https:\\\/\\\/camposcorporacion.com\\\/wp-content\\\/uploads\\\/2026\\\/03\\\/campos-yoast.png\",\"contentUrl\":\"https:\\\/\\\/camposcorporacion.com\\\/wp-content\\\/uploads\\\/2026\\\/03\\\/campos-yoast.png\",\"width\":696,\"height\":696,\"caption\":\"Campos Corporaci\u00f3n\"},\"image\":{\"@id\":\"https:\\\/\\\/camposcorporacion.com\\\/#\\\/schema\\\/logo\\\/image\\\/\"}}]}<\/script>\n<!-- \/ Yoast SEO plugin. -->","yoast_head_json":{"title":"Nuestros proyectos de infraestructuras | Campos","description":"Conoce nuestros proyectos de telecomunicaciones, construcci\u00f3n, climatizaci\u00f3n y energ\u00eda. En Campos trabajamos con todo tipo de empresas y negocios.","robots":{"index":"index","follow":"follow","max-snippet":"max-snippet:-1","max-image-preview":"max-image-preview:large","max-video-preview":"max-video-preview:-1"},"canonical":"https:\/\/camposcorporacion.com\/en\/portfolios\/projects\/","og_locale":"en_US","og_type":"article","og_title":"Nuestros proyectos de infraestructuras | Campos","og_description":"Conoce nuestros proyectos de telecomunicaciones, construcci\u00f3n, climatizaci\u00f3n y energ\u00eda. En Campos trabajamos con todo tipo de empresas y negocios.","og_url":"https:\/\/camposcorporacion.com\/en\/portfolios\/projects\/","og_site_name":"Campos","article_modified_time":"2023-03-07T11:13:27+00:00","twitter_card":"summary_large_image","twitter_misc":{"Est. reading time":"1 minute"},"schema":{"@context":"https:\/\/schema.org","@graph":[{"@type":"WebPage","@id":"https:\/\/camposcorporacion.com\/en\/portfolios\/projects\/","url":"https:\/\/camposcorporacion.com\/en\/portfolios\/projects\/","name":"Nuestros proyectos de infraestructuras | Campos","isPartOf":{"@id":"https:\/\/camposcorporacion.com\/#website"},"datePublished":"2020-08-05T09:05:45+00:00","dateModified":"2023-03-07T11:13:27+00:00","description":"Conoce nuestros proyectos de telecomunicaciones, construcci\u00f3n, climatizaci\u00f3n y energ\u00eda. En Campos trabajamos con todo tipo de empresas y negocios.","breadcrumb":{"@id":"https:\/\/camposcorporacion.com\/en\/portfolios\/projects\/#breadcrumb"},"inLanguage":"en-US","potentialAction":[{"@type":"ReadAction","target":["https:\/\/camposcorporacion.com\/en\/portfolios\/projects\/"]}]},{"@type":"BreadcrumbList","@id":"https:\/\/camposcorporacion.com\/en\/portfolios\/projects\/#breadcrumb","itemListElement":[{"@type":"ListItem","position":1,"name":"Portfolios","item":"https:\/\/camposcorporacion.com\/en\/portfolios\/"},{"@type":"ListItem","position":2,"name":"Projects"}]},{"@type":"WebSite","@id":"https:\/\/camposcorporacion.com\/#website","url":"https:\/\/camposcorporacion.com\/","name":"Campos","description":"","publisher":{"@id":"https:\/\/camposcorporacion.com\/#organization"},"potentialAction":[{"@type":"SearchAction","target":{"@type":"EntryPoint","urlTemplate":"https:\/\/camposcorporacion.com\/?s={search_term_string}"},"query-input":{"@type":"PropertyValueSpecification","valueRequired":true,"valueName":"search_term_string"}}],"inLanguage":"en-US"},{"@type":"Organization","@id":"https:\/\/camposcorporacion.com\/#organization","name":"Campos Corporaci\u00f3n","alternateName":"Campos","url":"https:\/\/camposcorporacion.com\/","logo":{"@type":"ImageObject","inLanguage":"en-US","@id":"https:\/\/camposcorporacion.com\/#\/schema\/logo\/image\/","url":"https:\/\/camposcorporacion.com\/wp-content\/uploads\/2026\/03\/campos-yoast.png","contentUrl":"https:\/\/camposcorporacion.com\/wp-content\/uploads\/2026\/03\/campos-yoast.png","width":696,"height":696,"caption":"Campos Corporaci\u00f3n"},"image":{"@id":"https:\/\/camposcorporacion.com\/#\/schema\/logo\/image\/"}}]}},"_links":{"self":[{"href":"https:\/\/camposcorporacion.com\/en\/wp-json\/wp\/v2\/pages\/15819","targetHints":{"allow":["GET"]}}],"collection":[{"href":"https:\/\/camposcorporacion.com\/en\/wp-json\/wp\/v2\/pages"}],"about":[{"href":"https:\/\/camposcorporacion.com\/en\/wp-json\/wp\/v2\/types\/page"}],"author":[{"embeddable":true,"href":"https:\/\/camposcorporacion.com\/en\/wp-json\/wp\/v2\/users\/2"}],"replies":[{"embeddable":true,"href":"https:\/\/camposcorporacion.com\/en\/wp-json\/wp\/v2\/comments?post=15819"}],"version-history":[{"count":0,"href":"https:\/\/camposcorporacion.com\/en\/wp-json\/wp\/v2\/pages\/15819\/revisions"}],"up":[{"embeddable":true,"href":"https:\/\/camposcorporacion.com\/en\/wp-json\/wp\/v2\/pages\/15967"}],"wp:attachment":[{"href":"https:\/\/camposcorporacion.com\/en\/wp-json\/wp\/v2\/media?parent=15819"}],"curies":[{"name":"wp","href":"https:\/\/api.w.org\/{rel}","templated":true}]}}